{"id":7,"date":"2025-12-09T13:49:06","date_gmt":"2025-12-09T12:49:06","guid":{"rendered":"http:\/\/www.top-vision.com.pl\/?page_id=7"},"modified":"2026-02-26T12:46:27","modified_gmt":"2026-02-26T11:46:27","slug":"strona-glowna","status":"publish","type":"page","link":"https:\/\/www.top-vision.com.pl\/","title":{"rendered":"Strona g\u0142\u00f3wna"},"content":{"rendered":"\n<div class=\"wp-block-cover alignfull is-light main-banner\" style=\"min-height:900px;aspect-ratio:unset;\"><img loading=\"lazy\" decoding=\"async\" width=\"1920\" height=\"1080\" class=\"wp-block-cover__image-background wp-image-126 size-full\" alt=\"\" src=\"http:\/\/www.top-vision.com.pl\/wp-content\/uploads\/2025\/12\/hero.png\" style=\"object-position:50% 20%\" data-object-fit=\"cover\" data-object-position=\"50% 20%\" srcset=\"https:\/\/www.top-vision.com.pl\/wp-content\/uploads\/2025\/12\/hero.png 1920w, https:\/\/www.top-vision.com.pl\/wp-content\/uploads\/2025\/12\/hero-300x169.png 300w, https:\/\/www.top-vision.com.pl\/wp-content\/uploads\/2025\/12\/hero-1024x576.png 1024w, https:\/\/www.top-vision.com.pl\/wp-content\/uploads\/2025\/12\/hero-768x432.png 768w, https:\/\/www.top-vision.com.pl\/wp-content\/uploads\/2025\/12\/hero-1536x864.png 1536w\" sizes=\"auto, (max-width: 1920px) 100vw, 1920px\" \/><span aria-hidden=\"true\" class=\"wp-block-cover__background has-background-dim-0 has-background-dim\"><\/span><div class=\"wp-block-cover__inner-container is-layout-flow wp-block-cover-is-layout-flow\">\n<div class=\"wp-block-columns are-vertically-aligned-center is-layout-flex wp-container-core-columns-is-layout-9d6595d7 wp-block-columns-is-layout-flex\">\n<div class=\"wp-block-column is-vertically-aligned-center is-layout-flow wp-block-column-is-layout-flow\" style=\"padding-right:var(--wp--preset--spacing--20);padding-left:var(--wp--preset--spacing--20);flex-basis:65%\">\n<div style=\"height:80px\" aria-hidden=\"true\" class=\"wp-block-spacer\"><\/div>\n\n\n\n<div style=\"height:100px\" aria-hidden=\"true\" class=\"wp-block-spacer\"><\/div>\n<\/div>\n\n\n\n<div class=\"wp-block-column is-vertically-aligned-center is-layout-flow wp-block-column-is-layout-flow\"><\/div>\n<\/div>\n<\/div><\/div>\n\n\n\n<div style=\"height:40px\" aria-hidden=\"true\" class=\"wp-block-spacer\"><\/div>\n\n\n\n<div class=\"wp-block-cover alignfull is-light\" style=\"min-height:600px;aspect-ratio:unset;\" id=\"o-nas\"><span aria-hidden=\"true\" class=\"wp-block-cover__background has-white-background-color has-background-dim-100 has-background-dim\"><\/span><div class=\"wp-block-cover__inner-container is-layout-flow wp-block-cover-is-layout-flow\">\n<div class=\"wp-block-group\"><div class=\"wp-block-group__inner-container is-layout-flow wp-block-group-is-layout-flow\">\n<div style=\"height:80px\" aria-hidden=\"true\" class=\"wp-block-spacer\"><\/div>\n\n\n\n<div class=\"wp-block-columns are-vertically-aligned-center has-neve-text-color-color has-text-color is-layout-flex wp-container-core-columns-is-layout-9d6595d7 wp-block-columns-is-layout-flex\">\n<div class=\"wp-block-column is-vertically-aligned-center is-layout-flow wp-block-column-is-layout-flow\" style=\"padding-right:var(--wp--preset--spacing--30);padding-left:var(--wp--preset--spacing--30);flex-basis:50%\">\n<figure class=\"wp-block-image size-full has-custom-border\"><img loading=\"lazy\" decoding=\"async\" width=\"1788\" height=\"1788\" src=\"http:\/\/www.top-vision.com.pl\/wp-content\/uploads\/2025\/12\/zlote-pioro-notebook-kalkulator-i-okulary-na-czarnym-biurku.jpg\" alt=\"\" class=\"wp-image-39\" style=\"border-radius:16px\" srcset=\"https:\/\/www.top-vision.com.pl\/wp-content\/uploads\/2025\/12\/zlote-pioro-notebook-kalkulator-i-okulary-na-czarnym-biurku.jpg 1788w, https:\/\/www.top-vision.com.pl\/wp-content\/uploads\/2025\/12\/zlote-pioro-notebook-kalkulator-i-okulary-na-czarnym-biurku-300x300.jpg 300w, https:\/\/www.top-vision.com.pl\/wp-content\/uploads\/2025\/12\/zlote-pioro-notebook-kalkulator-i-okulary-na-czarnym-biurku-1024x1024.jpg 1024w, https:\/\/www.top-vision.com.pl\/wp-content\/uploads\/2025\/12\/zlote-pioro-notebook-kalkulator-i-okulary-na-czarnym-biurku-150x150.jpg 150w, https:\/\/www.top-vision.com.pl\/wp-content\/uploads\/2025\/12\/zlote-pioro-notebook-kalkulator-i-okulary-na-czarnym-biurku-768x768.jpg 768w, https:\/\/www.top-vision.com.pl\/wp-content\/uploads\/2025\/12\/zlote-pioro-notebook-kalkulator-i-okulary-na-czarnym-biurku-1536x1536.jpg 1536w\" sizes=\"auto, (max-width: 1788px) 100vw, 1788px\" \/><\/figure>\n<\/div>\n\n\n\n<div class=\"wp-block-column is-vertically-aligned-center is-layout-flow wp-block-column-is-layout-flow\" style=\"padding-top:0;padding-right:var(--wp--preset--spacing--30);padding-bottom:0;padding-left:var(--wp--preset--spacing--30);flex-basis:50%\">\n<h2 class=\"wp-block-heading has-neve-text-color-color has-text-color\">O NAS<\/h2>\n\n\n\n<p class=\"has-neve-text-color-color has-text-color\">Top-Vision.com.pl Sp. z o.o. specjalizuje si\u0119 w dystrybucji okular\u00f3w przeciws\u0142onecznych i okular\u00f3w do czytania, kt\u00f3re \u0142\u0105cz\u0105 nowoczesne wzornictwo z elegancj\u0105 i wysok\u0105 jako\u015bci\u0105 wykonania. Nasze kolekcje kierujemy zar\u00f3wno dla doros\u0142ych, jak i do dzieci, dbaj\u0105c o ich bezpiecze\u0144stwo poprzez pe\u0142n\u0105 zgodno\u015b\u0107 z normami Unii Europejskiej.<\/p>\n\n\n\n<p class=\"has-neve-text-color-color has-text-color\">Dzi\u0119ki wieloletniemu do\u015bwiadczeniu oraz elastycznemu podej\u015bciu stale poszerzamy grono naszych partner\u00f3w biznesowych. Nasze produkty dost\u0119pne s\u0105 w najwi\u0119kszych sieciach handlowych w kraju, a ofert\u0119 uzupe\u0142niaj\u0105 eleganckie ekspozytory oraz akcesoria do okular\u00f3w. Zach\u0119camy do kontaktu wszystkich, kt\u00f3rzy poszukuj\u0105 stylowych i sprawdzonych rozwi\u0105za\u0144.<\/p>\n<\/div>\n<\/div>\n\n\n\n<div style=\"height:40px\" aria-hidden=\"true\" class=\"wp-block-spacer\"><\/div>\n<\/div><\/div>\n<\/div><\/div>\n\n\n\n<div class=\"wp-block-cover alignfull\" style=\"min-height:600px;aspect-ratio:unset;\" id=\"okulary-przeciwsloneczne\"><span aria-hidden=\"true\" class=\"wp-block-cover__background has-nv-site-bg-background-color has-background-dim-100 has-background-dim\"><\/span><div class=\"wp-block-cover__inner-container is-layout-flow wp-block-cover-is-layout-flow\">\n<div class=\"wp-block-group\"><div class=\"wp-block-group__inner-container is-layout-flow wp-block-group-is-layout-flow\">\n<div style=\"height:80px\" aria-hidden=\"true\" class=\"wp-block-spacer\"><\/div>\n\n\n\n<div class=\"wp-block-columns are-vertically-aligned-center has-neve-text-color-color has-text-color is-layout-flex wp-container-core-columns-is-layout-9d6595d7 wp-block-columns-is-layout-flex\">\n<div class=\"wp-block-column is-vertically-aligned-center is-layout-flow wp-block-column-is-layout-flow\" style=\"padding-top:0;padding-right:var(--wp--preset--spacing--30);padding-bottom:0;padding-left:var(--wp--preset--spacing--30);flex-basis:50%\">\n<h2 class=\"wp-block-heading has-neve-text-color-color has-text-color\"><strong>OKULARY PRZECIWS\u0141ONECZNE<\/strong><\/h2>\n\n\n\n<p class=\"has-neve-text-color-color has-text-color\"><br>Oferujemy kolekcje, kt\u00f3re \u0142\u0105cz\u0105 nowoczesne wzornictwo, precyzj\u0119 wykonania oraz pe\u0142n\u0105 ochron\u0119 wzroku. Nasze modele tworzone s\u0105 z wysokogatunkowych materia\u0142\u00f3w, zapewniaj\u0105cych trwa\u0142o\u015b\u0107, komfort noszenia i doskona\u0142\u0105 prezentacj\u0119 w ka\u017cdych warunkach.<\/p>\n\n\n\n<p class=\"has-neve-text-color-color has-text-color\">Dzi\u0119ki regularnemu od\u015bwie\u017caniu kolekcji dostarczamy produkty odpowiadaj\u0105ce najnowszym trendom mody, jednocze\u015bnie dbaj\u0105c o ponadczasowy charakter wielu modeli.W ofercie posiadamy okulary dla doros\u0142ych w wersjach sportowych, eleganckich oraz kolekcje dzieci\u0119ce.<\/p>\n<\/div>\n\n\n\n<div class=\"wp-block-column is-vertically-aligned-center is-layout-flow wp-block-column-is-layout-flow\" style=\"padding-right:var(--wp--preset--spacing--30);padding-left:var(--wp--preset--spacing--30);flex-basis:50%\">\n<figure class=\"wp-block-image size-full has-custom-border\"><img loading=\"lazy\" decoding=\"async\" width=\"2560\" height=\"1435\" src=\"http:\/\/www.top-vision.com.pl\/wp-content\/uploads\/2025\/12\/szczesliwa-rodzina-spedzajaca-razem-czas-na-swiezym-powietrzu-scaled.jpg\" alt=\"\" class=\"wp-image-60\" style=\"border-radius:16px\" srcset=\"https:\/\/www.top-vision.com.pl\/wp-content\/uploads\/2025\/12\/szczesliwa-rodzina-spedzajaca-razem-czas-na-swiezym-powietrzu-scaled.jpg 2560w, https:\/\/www.top-vision.com.pl\/wp-content\/uploads\/2025\/12\/szczesliwa-rodzina-spedzajaca-razem-czas-na-swiezym-powietrzu-300x168.jpg 300w, https:\/\/www.top-vision.com.pl\/wp-content\/uploads\/2025\/12\/szczesliwa-rodzina-spedzajaca-razem-czas-na-swiezym-powietrzu-1024x574.jpg 1024w, https:\/\/www.top-vision.com.pl\/wp-content\/uploads\/2025\/12\/szczesliwa-rodzina-spedzajaca-razem-czas-na-swiezym-powietrzu-768x430.jpg 768w, https:\/\/www.top-vision.com.pl\/wp-content\/uploads\/2025\/12\/szczesliwa-rodzina-spedzajaca-razem-czas-na-swiezym-powietrzu-1536x861.jpg 1536w, https:\/\/www.top-vision.com.pl\/wp-content\/uploads\/2025\/12\/szczesliwa-rodzina-spedzajaca-razem-czas-na-swiezym-powietrzu-2048x1148.jpg 2048w\" sizes=\"auto, (max-width: 2560px) 100vw, 2560px\" \/><\/figure>\n<\/div>\n<\/div>\n\n\n\n<div style=\"height:40px\" aria-hidden=\"true\" class=\"wp-block-spacer\"><\/div>\n<\/div><\/div>\n<\/div><\/div>\n\n\n\n<div class=\"wp-block-cover alignfull\" style=\"min-height:600px;aspect-ratio:unset;\" id=\"okulary-do-czytania\"><span aria-hidden=\"true\" class=\"wp-block-cover__background has-nv-site-bg-background-color has-background-dim-100 has-background-dim\"><\/span><div class=\"wp-block-cover__inner-container is-layout-flow wp-block-cover-is-layout-flow\">\n<div class=\"wp-block-group\"><div class=\"wp-block-group__inner-container is-layout-flow wp-block-group-is-layout-flow\">\n<div style=\"height:80px\" aria-hidden=\"true\" class=\"wp-block-spacer\"><\/div>\n\n\n\n<div class=\"wp-block-columns are-vertically-aligned-center has-neve-text-color-color has-text-color is-layout-flex wp-container-core-columns-is-layout-9d6595d7 wp-block-columns-is-layout-flex\">\n<div class=\"wp-block-column is-vertically-aligned-center is-layout-flow wp-block-column-is-layout-flow\" style=\"padding-right:var(--wp--preset--spacing--30);padding-left:var(--wp--preset--spacing--30);flex-basis:50%\">\n<figure class=\"wp-block-image size-full has-custom-border\"><img loading=\"lazy\" decoding=\"async\" width=\"2560\" height=\"1708\" src=\"http:\/\/www.top-vision.com.pl\/wp-content\/uploads\/2025\/12\/powazna-dorosla-kaukaska-kobieta-relaksuje-sie-w-domu-czytajac-ksiazke-cieszac-sie-cichym-krytym-stylem-zycia-koncepcja-wypoczynku1-scaled.jpg\" alt=\"\" class=\"wp-image-59\" style=\"border-radius:16px\" srcset=\"https:\/\/www.top-vision.com.pl\/wp-content\/uploads\/2025\/12\/powazna-dorosla-kaukaska-kobieta-relaksuje-sie-w-domu-czytajac-ksiazke-cieszac-sie-cichym-krytym-stylem-zycia-koncepcja-wypoczynku1-scaled.jpg 2560w, https:\/\/www.top-vision.com.pl\/wp-content\/uploads\/2025\/12\/powazna-dorosla-kaukaska-kobieta-relaksuje-sie-w-domu-czytajac-ksiazke-cieszac-sie-cichym-krytym-stylem-zycia-koncepcja-wypoczynku1-300x200.jpg 300w, https:\/\/www.top-vision.com.pl\/wp-content\/uploads\/2025\/12\/powazna-dorosla-kaukaska-kobieta-relaksuje-sie-w-domu-czytajac-ksiazke-cieszac-sie-cichym-krytym-stylem-zycia-koncepcja-wypoczynku1-1024x683.jpg 1024w, https:\/\/www.top-vision.com.pl\/wp-content\/uploads\/2025\/12\/powazna-dorosla-kaukaska-kobieta-relaksuje-sie-w-domu-czytajac-ksiazke-cieszac-sie-cichym-krytym-stylem-zycia-koncepcja-wypoczynku1-768x512.jpg 768w, https:\/\/www.top-vision.com.pl\/wp-content\/uploads\/2025\/12\/powazna-dorosla-kaukaska-kobieta-relaksuje-sie-w-domu-czytajac-ksiazke-cieszac-sie-cichym-krytym-stylem-zycia-koncepcja-wypoczynku1-1536x1025.jpg 1536w, https:\/\/www.top-vision.com.pl\/wp-content\/uploads\/2025\/12\/powazna-dorosla-kaukaska-kobieta-relaksuje-sie-w-domu-czytajac-ksiazke-cieszac-sie-cichym-krytym-stylem-zycia-koncepcja-wypoczynku1-2048x1366.jpg 2048w, https:\/\/www.top-vision.com.pl\/wp-content\/uploads\/2025\/12\/powazna-dorosla-kaukaska-kobieta-relaksuje-sie-w-domu-czytajac-ksiazke-cieszac-sie-cichym-krytym-stylem-zycia-koncepcja-wypoczynku1-930x620.jpg 930w\" sizes=\"auto, (max-width: 2560px) 100vw, 2560px\" \/><\/figure>\n<\/div>\n\n\n\n<div class=\"wp-block-column is-vertically-aligned-center is-layout-flow wp-block-column-is-layout-flow\" style=\"padding-top:0;padding-right:var(--wp--preset--spacing--30);padding-bottom:0;padding-left:var(--wp--preset--spacing--30);flex-basis:50%\">\n<h2 class=\"wp-block-heading has-neve-text-color-color has-text-color\"><strong>OKULARY DO CZYTANIA<\/strong><\/h2>\n\n\n\n<p class=\"has-neve-text-color-color has-text-color\">Tworzone s\u0105 z wysokiej jako\u015bci materia\u0142\u00f3w, przy zastosowaniu starannie dobranych technik konstrukcyjnych. W ofercie znajduj\u0105 si\u0119 modele wykonane z po\u0142\u0105czenia metalu i tworzyw sztucznych, zapewniaj\u0105ce trwa\u0142o\u015b\u0107 oraz komfort codziennego u\u017cytkowania.<\/p>\n\n\n\n<p class=\"has-neve-text-color-color has-text-color\">Ponadczasowe, eleganckie wzornictwo pozwala ka\u017cdemu znale\u017a\u0107 model odpowiadaj\u0105cy indywidualnym potrzebom. Okulary dost\u0119pne s\u0105 w mocach od +1,00 do +3,50<\/p>\n<\/div>\n<\/div>\n\n\n\n<div style=\"height:40px\" aria-hidden=\"true\" class=\"wp-block-spacer\"><\/div>\n<\/div><\/div>\n<\/div><\/div>\n\n\n\n<div class=\"wp-block-cover alignfull\" style=\"min-height:600px;aspect-ratio:unset;\"><span aria-hidden=\"true\" class=\"wp-block-cover__background has-nv-site-bg-background-color has-background-dim-100 has-background-dim\"><\/span><div class=\"wp-block-cover__inner-container is-layout-flow wp-block-cover-is-layout-flow\">\n<div class=\"wp-block-group\"><div class=\"wp-block-group__inner-container is-layout-flow wp-block-group-is-layout-flow\">\n<div style=\"height:80px\" aria-hidden=\"true\" class=\"wp-block-spacer\"><\/div>\n\n\n\n<div class=\"wp-block-columns are-vertically-aligned-center has-neve-text-color-color has-text-color is-layout-flex wp-container-core-columns-is-layout-9d6595d7 wp-block-columns-is-layout-flex\">\n<div class=\"wp-block-column is-vertically-aligned-center is-layout-flow wp-block-column-is-layout-flow\" style=\"padding-top:0;padding-right:var(--wp--preset--spacing--30);padding-bottom:0;padding-left:var(--wp--preset--spacing--30);flex-basis:50%\">\n<h2 class=\"wp-block-heading has-neve-text-color-color has-text-color\"><strong><strong>AKCESORIA<\/strong><\/strong><\/h2>\n\n\n\n<p class=\"has-neve-text-color-color has-text-color\">Nasza firma oferuje szeroki wyb\u00f3r akcesori\u00f3w do okular\u00f3w, kt\u00f3re \u0142\u0105cz\u0105 funkcjonalno\u015b\u0107 z estetyk\u0105. W naszej ofercie znajduj\u0105 si\u0119 <strong>mi\u0119kkie etui do okular\u00f3w<\/strong>, idealne do codziennego u\u017cytku, oraz <strong>twarde etui<\/strong>, zapewniaj\u0105ce maksymaln\u0105 ochron\u0119 nawet w wymagaj\u0105cych warunkach. Posiadamy r\u00f3wnie\u017c <strong>specjalne etui dla okular\u00f3w dzieci\u0119cych<\/strong>, stworzone z my\u015bl\u0105 o wygodzie i bezpiecze\u0144stwie najm\u0142odszych u\u017cytkownik\u00f3w.<\/p>\n\n\n\n<p class=\"has-neve-text-color-color has-text-color\">Oferujemy tak\u017ce praktyczne <strong>czy\u015bciki do okular\u00f3w<\/strong>, kt\u00f3re pozwalaj\u0105 utrzyma\u0107 szk\u0142a w doskona\u0142ej czysto\u015bci przez ca\u0142y dzie\u0144.<\/p>\n\n\n\n<p>Na <strong>specjalne zam\u00f3wienie<\/strong> wykonujemy r\u00f3wnie\u017c <strong>etui z nadrukiem okazyjnym<\/strong>, idealne jako wyj\u0105tkowy prezent \u2013 na przyk\u0142ad z okazji Dnia Babci i Dziadka. Dzi\u0119ki personalizacji ka\u017cde etui mo\u017ce sta\u0107 si\u0119 oryginalnym i niepowtarzalnym upominkiem.<\/p>\n<\/div>\n\n\n\n<div class=\"wp-block-column is-vertically-aligned-center is-layout-flow wp-block-column-is-layout-flow\" style=\"padding-right:var(--wp--preset--spacing--30);padding-left:var(--wp--preset--spacing--30);flex-basis:50%\">\n<figure class=\"wp-block-image size-full has-custom-border\"><img loading=\"lazy\" decoding=\"async\" width=\"1920\" height=\"2560\" src=\"http:\/\/www.top-vision.com.pl\/wp-content\/uploads\/2025\/12\/wysoki-kat-widoku-okularow-przeciwslonecznych-na-bialym-scaled.jpg\" alt=\"\" class=\"wp-image-62\" style=\"border-radius:16px\" srcset=\"https:\/\/www.top-vision.com.pl\/wp-content\/uploads\/2025\/12\/wysoki-kat-widoku-okularow-przeciwslonecznych-na-bialym-scaled.jpg 1920w, https:\/\/www.top-vision.com.pl\/wp-content\/uploads\/2025\/12\/wysoki-kat-widoku-okularow-przeciwslonecznych-na-bialym-225x300.jpg 225w, https:\/\/www.top-vision.com.pl\/wp-content\/uploads\/2025\/12\/wysoki-kat-widoku-okularow-przeciwslonecznych-na-bialym-768x1024.jpg 768w, https:\/\/www.top-vision.com.pl\/wp-content\/uploads\/2025\/12\/wysoki-kat-widoku-okularow-przeciwslonecznych-na-bialym-1152x1536.jpg 1152w, https:\/\/www.top-vision.com.pl\/wp-content\/uploads\/2025\/12\/wysoki-kat-widoku-okularow-przeciwslonecznych-na-bialym-1536x2048.jpg 1536w\" sizes=\"auto, (max-width: 1920px) 100vw, 1920px\" \/><\/figure>\n<\/div>\n<\/div>\n\n\n\n<div style=\"height:40px\" aria-hidden=\"true\" class=\"wp-block-spacer\"><\/div>\n<\/div><\/div>\n<\/div><\/div>\n\n\n\n<div class=\"wp-block-cover alignfull\" style=\"min-height:420px;aspect-ratio:unset;\" id=\"kontakt\"><span aria-hidden=\"true\" class=\"wp-block-cover__background has-nv-site-bg-background-color has-background-dim-100 has-background-dim\"><\/span><div class=\"wp-block-cover__inner-container is-layout-flow wp-block-cover-is-layout-flow\">\n<div style=\"height:80px\" aria-hidden=\"true\" class=\"wp-block-spacer\"><\/div>\n\n\n\n<div class=\"wp-block-columns is-layout-flex wp-container-core-columns-is-layout-9d6595d7 wp-block-columns-is-layout-flex\">\n<div class=\"wp-block-column ticss-4ce656f1 is-layout-flow wp-block-column-is-layout-flow\" style=\"padding-right:var(--wp--preset--spacing--30);padding-left:var(--wp--preset--spacing--30)\">\n<div class=\"wp-block-group countur has-nv-site-bg-background-color has-background\" style=\"border-radius:24px\"><div class=\"wp-block-group__inner-container is-layout-flow wp-block-group-is-layout-flow\">\n<div style=\"height:24px\" aria-hidden=\"true\" class=\"wp-block-spacer\"><\/div>\n\n\n<div class=\"wp-block-image icon-style is-style-default wp-duotone-dark-grayscale\">\n<figure class=\"aligncenter size-full\"><img decoding=\"async\" src=\"http:\/\/www.top-vision.com.pl\/wp-content\/themes\/neve\/assets\/img\/starter-content\/neve-marketing-icon-7.png\" alt=\"\"\/><\/figure>\n<\/div>\n\n\n<div style=\"height:24px\" aria-hidden=\"true\" class=\"wp-block-spacer\"><\/div>\n\n\n\n<h3 class=\"wp-block-heading has-text-align-center has-neve-text-color-color has-text-color\">Zadzwo\u0144 do nas!<\/h3>\n\n\n\n<p class=\"has-text-align-center has-neve-text-color-color has-text-color has-medium-font-size\">tel. 888 330 444<br><\/p>\n\n\n\n<div style=\"height:24px\" aria-hidden=\"true\" class=\"wp-block-spacer\"><\/div>\n<\/div><\/div>\n<\/div>\n\n\n\n<div class=\"wp-block-column ticss-f6fc7494 is-layout-flow wp-block-column-is-layout-flow\" style=\"padding-right:var(--wp--preset--spacing--30);padding-left:var(--wp--preset--spacing--30)\">\n<div class=\"wp-block-group countur has-nv-site-bg-background-color has-background\" style=\"border-radius:24px\"><div class=\"wp-block-group__inner-container is-layout-flow wp-block-group-is-layout-flow\">\n<div style=\"height:24px\" aria-hidden=\"true\" class=\"wp-block-spacer\"><\/div>\n\n\n<div class=\"wp-block-image icon-style is-style-default wp-duotone-dark-grayscale\">\n<figure class=\"aligncenter size-full\"><img decoding=\"async\" src=\"http:\/\/www.top-vision.com.pl\/wp-content\/themes\/neve\/assets\/img\/starter-content\/neve-marketing-icon-5.png\" alt=\"\"\/><\/figure>\n<\/div>\n\n\n<div style=\"height:24px\" aria-hidden=\"true\" class=\"wp-block-spacer\"><\/div>\n\n\n\n<h3 class=\"wp-block-heading has-text-align-center has-neve-text-color-color has-text-color\">Email<\/h3>\n\n\n\n<p class=\"has-text-align-center has-neve-text-color-color has-text-color has-medium-font-size\"><a href=\"mailto:top-vision@top-vision.com.pl\" target=\"_blank\" rel=\"noreferrer noopener\">top-vision@top-vision.com.pl<\/a><br><\/p>\n\n\n\n<div style=\"height:24px\" aria-hidden=\"true\" class=\"wp-block-spacer\"><\/div>\n<\/div><\/div>\n<\/div>\n\n\n\n<div class=\"wp-block-column ticss-a5b4df29 is-layout-flow wp-block-column-is-layout-flow\" style=\"padding-right:var(--wp--preset--spacing--30);padding-left:var(--wp--preset--spacing--30)\">\n<div class=\"wp-block-group countur has-nv-site-bg-background-color has-background\" style=\"border-radius:24px\"><div class=\"wp-block-group__inner-container is-layout-flow wp-block-group-is-layout-flow\">\n<div style=\"height:24px\" aria-hidden=\"true\" class=\"wp-block-spacer\"><\/div>\n\n\n<div class=\"wp-block-image icon-style is-style-default wp-duotone-dark-grayscale\">\n<figure class=\"aligncenter size-full\"><img decoding=\"async\" src=\"http:\/\/www.top-vision.com.pl\/wp-content\/themes\/neve\/assets\/img\/starter-content\/neve-marketing-icon-6.png\" alt=\"\"\/><\/figure>\n<\/div>\n\n\n<div style=\"height:24px\" aria-hidden=\"true\" class=\"wp-block-spacer\"><\/div>\n\n\n\n<h3 class=\"wp-block-heading has-text-align-center has-neve-text-color-color has-text-color\">Biuro<\/h3>\n\n\n\n<p class=\"has-text-align-center has-neve-text-color-color has-text-color has-medium-font-size\">ul. Leszczy\u0144ska 34A, <br>64-115 \u015awi\u0119ciechowa<\/p>\n\n\n\n<div style=\"height:24px\" aria-hidden=\"true\" class=\"wp-block-spacer\"><\/div>\n<\/div><\/div>\n<\/div>\n<\/div>\n\n\n\n<div style=\"height:30px\" aria-hidden=\"true\" class=\"wp-block-spacer\"><\/div>\n<\/div><\/div>\n","protected":false},"excerpt":{"rendered":"","protected":false},"author":1,"featured_media":0,"parent":0,"menu_order":0,"comment_status":"closed","ping_status":"closed","template":"","meta":{"neve_meta_sidebar":"","neve_meta_container":"","neve_meta_enable_content_width":"on","neve_meta_content_width":100,"neve_meta_title_alignment":"","neve_meta_author_avatar":"","neve_post_elements_order":"","neve_meta_disable_header":"","neve_meta_disable_footer":"","neve_meta_disable_title":"on","footnotes":""},"class_list":["post-7","page","type-page","status-publish","hentry"],"_links":{"self":[{"href":"https:\/\/www.top-vision.com.pl\/index.php?rest_route=\/wp\/v2\/pages\/7","targetHints":{"allow":["GET"]}}],"collection":[{"href":"https:\/\/www.top-vision.com.pl\/index.php?rest_route=\/wp\/v2\/pages"}],"about":[{"href":"https:\/\/www.top-vision.com.pl\/index.php?rest_route=\/wp\/v2\/types\/page"}],"author":[{"embeddable":true,"href":"https:\/\/www.top-vision.com.pl\/index.php?rest_route=\/wp\/v2\/users\/1"}],"replies":[{"embeddable":true,"href":"https:\/\/www.top-vision.com.pl\/index.php?rest_route=%2Fwp%2Fv2%2Fcomments&post=7"}],"version-history":[{"count":41,"href":"https:\/\/www.top-vision.com.pl\/index.php?rest_route=\/wp\/v2\/pages\/7\/revisions"}],"predecessor-version":[{"id":137,"href":"https:\/\/www.top-vision.com.pl\/index.php?rest_route=\/wp\/v2\/pages\/7\/revisions\/137"}],"wp:attachment":[{"href":"https:\/\/www.top-vision.com.pl\/index.php?rest_route=%2Fwp%2Fv2%2Fmedia&parent=7"}],"curies":[{"name":"wp","href":"https:\/\/api.w.org\/{rel}","templated":true}]}}